{"id":1126,"date":"2023-12-31T21:34:56","date_gmt":"2023-12-31T21:34:56","guid":{"rendered":"https:\/\/www.affincapital.eu\/?page_id=1126"},"modified":"2024-02-26T15:59:52","modified_gmt":"2024-02-26T15:59:52","slug":"los-mercados-se-despiden-2023-revalorizandose","status":"publish","type":"page","link":"https:\/\/www.affincapital.eu\/es\/los-mercados-se-despiden-2023-revalorizandose\/","title":{"rendered":"LOS MERCADOS SE DESPIDEN 2023 REVALORIZ\u00c1NDOSE"},"content":{"rendered":"\n<figure class=\"wp-block-image size-full\"><img loading=\"lazy\" decoding=\"async\" width=\"612\" height=\"408\" src=\"https:\/\/www.affincapital.eu\/wp-content\/uploads\/2024\/01\/istockphoto-459028383-612x612-1.jpg\" alt=\"\" class=\"wp-image-1127\" srcset=\"https:\/\/www.affincapital.eu\/wp-content\/uploads\/2024\/01\/istockphoto-459028383-612x612-1.jpg 612w, https:\/\/www.affincapital.eu\/wp-content\/uploads\/2024\/01\/istockphoto-459028383-612x612-1-300x200.jpg 300w, https:\/\/www.affincapital.eu\/wp-content\/uploads\/2024\/01\/istockphoto-459028383-612x612-1-18x12.jpg 18w\" sizes=\"auto, (max-width: 612px) 100vw, 612px\" \/><figcaption class=\"wp-element-caption\"><br><strong>Los mercados despiden 2023 revaloriz\u00e1ndose<\/strong><br><strong>\u00a0<\/strong><br>En la \u00faltima semana del a\u00f1o, Wall Street ha cerrado en la sesi\u00f3n del viernes con signo ca\u00eddas. Dow Jones\u00a0ha cedido un 0,05, S&amp;P 500 un 0,28% y Nasdaq 100 un 0,43%. No obstante, en el c\u00f3mputo semanal los tres indicadores han terminado con avances del 0,81% para Dow Jones, 0,32% para<a>\u00a0S&amp;P 500 y 0,29% para Nasdaq 100<\/a>\u00a0en lo que ha supuesto la novena semana consecutiva de ganancias, la racha m\u00e1s larga en 20 a\u00f1os. Con ello, Dow Jones, S&amp;P 500 y Nasdaq 100 despiden el a\u00f1o tras revalorizarse un 13,70%, 24,23% y 54,47% respectivamente.<br>\u00a0<br><a>En Europa, el Ibex ha sumado en la \u00faltima sesi\u00f3n del a\u00f1o un 0,16%. Con ello se ha situado en los 10.102 puntos, lo que ha supuesto una p\u00e9rdida semanal del 0,10% y una revalorizaci\u00f3n anual del 22,76%, el mejor dato desde 2009. Respecto al resto de Bolsas europeas, han cerrado con signo mixto. Mientras que el DAX alem\u00e1n y el FTSE brit\u00e1nico han cerrado en positivo sumando un 0,27% y 0,46%, el CAC franc\u00e9s y el MIB italiano han cedido un 0,34% y 0,01%<\/a>\u00a0respectivamente. En cuanto al c\u00f3mputo de 2023, el DAX, CAC, MIB y FTSE han terminado con revalorizaciones del\u00a0\u00a0\u00a020,31%, 16,52%, 28,03% y 3,78% respectivamente.<br>\u00a0<br>En cuanto a la semana que viene, el mi\u00e9rcoles se publicar\u00e1n las actas de la Fed y el viernes habr\u00e1 datos de inflaci\u00f3n en Europa y de empleo en Estados Unidos.<br>\u00a0<br>En divisas, el cambio euro\/d\u00f3lar se sit\u00faa en 1,1037 d\u00f3lares.<br>\u00a0<br>En criptomonedas, el Bitcoin se sit\u00faa en los 42.072 d\u00f3lares.<br>\u00a0<br>Y en cuanto a otros valores destacados, el Brent cotiza a 77,04 y el inter\u00e9s del T-Note a 10 a\u00f1os se sit\u00faa en el 3,88%.<br><strong><u>\u00a0<\/u><\/strong><br>Los mercados han cerrado la semana de la siguiente manera:<br>\u00a0\u00a0\u00a0\u00a0\u00a0\u00a0\u00a0\u00a0\u00a0\u00a0\u00a0\u00a0<br><br>\u00a0<br>                     CIERRE\u00a0SEMANAL            ACUMULADO ANUAL<br>IBEX                        -0<a>,10%<\/a>                               +22,76%<br>EUROSTOXX         +0,00%                              +19,19%<br>DOW                       +0,81%                              +13,70%<br>S&amp;P 500                 +0,32%                             +24,23%<br>NASDAQ\u00a0100         +0,29%                             +54,47%<br>\u00a0<br>\u00a0Mas informaci\u00f3n en:\u00a0<a href=\"http:\/\/www.affincapital.eu\/gesti%C3%B3n-patrimonial\" target=\"_blank\" rel=\"noreferrer noopener\">www.affincapital.eu\/gesti\u00f3n-patrimonial<\/a><br>Contacta con Affin Capital:\u00a0<a href=\"http:\/\/www.affincapital.eu\/contact\" target=\"_blank\" rel=\"noreferrer noopener\">www.affincapital.eu\/contact<\/a><br><br><br><br>David Pic\u00f3<br>Agente de Grandes Patrimonios<br>Socio &#8211; AFFIN Capital Patrimonial, S.L.<br><a href=\"mailto:info@affincapital.eu\" target=\"_blank\" rel=\"noreferrer noopener\">info@affincapital.eu<\/a>\u00a0|\u00a0<a href=\"http:\/\/www.affincapital.eu\/\" target=\"_blank\" rel=\"noreferrer noopener\">www.affincapital.eu<\/a><br><br><em>Las rentabilidades pasadas no son un indicador fiable de los resultados futuros. Este documento tiene una finalidad exclusivamente informativa.<\/em><br><em>Las referencias a valores espec\u00edficos que pudiera haber no deben interpretarse como una recomendaci\u00f3n de compra o venta de dichos valores y constituyen menciones con car\u00e1cter exclusivamente ilustrativo.<\/em><br><em>Este documento no constituye una distribuci\u00f3n, una oferta o una invitaci\u00f3n para contratar los servicios de Affin Capital Patrimonial, o una oferta para comprar o vender o una invitaci\u00f3n a una oferta de compra o venta de valores o productos de inversi\u00f3n.<\/em><br>\u00a0<\/figcaption><\/figure>\n","protected":false},"excerpt":{"rendered":"","protected":false},"author":1,"featured_media":1127,"parent":0,"menu_order":0,"comment_status":"closed","ping_status":"closed","template":"","meta":{"footnotes":""},"class_list":["post-1126","page","type-page","status-publish","has-post-thumbnail","hentry"],"yoast_head":"<!-- This site is optimized with the Yoast SEO plugin v21.0 - https:\/\/yoast.com\/wordpress\/plugins\/seo\/ -->\n<title>LOS MERCADOS SE DESPIDEN 2023 REVALORIZ\u00c1NDOSE - AFFIN CAPITAL<\/title>\n<meta name=\"description\" content=\"El 2023, un a\u00f1o que ha acabado con la revalorizaci\u00f3n de los mercados. Entra en Affin Capital e inf\u00f3rmate de todas las novedades de mercado.\" \/>\n<meta name=\"robots\" content=\"index, follow, max-snippet:-1, max-image-preview:large, max-video-preview:-1\" \/>\n<link rel=\"canonical\" href=\"https:\/\/www.affincapital.eu\/es\/los-mercados-se-despiden-2023-revalorizandose\/\" \/>\n<meta property=\"og:locale\" content=\"es_ES\" \/>\n<meta property=\"og:type\" content=\"article\" \/>\n<meta property=\"og:title\" content=\"LOS MERCADOS SE DESPIDEN 2023 REVALORIZ\u00c1NDOSE - AFFIN CAPITAL\" \/>\n<meta property=\"og:description\" content=\"El 2023, un a\u00f1o que ha acabado con la revalorizaci\u00f3n de los mercados. Entra en Affin Capital e inf\u00f3rmate de todas las novedades de mercado.\" \/>\n<meta property=\"og:url\" content=\"https:\/\/www.affincapital.eu\/es\/los-mercados-se-despiden-2023-revalorizandose\/\" \/>\n<meta property=\"og:site_name\" content=\"AFFIN CAPITAL\" \/>\n<meta property=\"article:modified_time\" content=\"2024-02-26T15:59:52+00:00\" \/>\n<meta property=\"og:image\" content=\"https:\/\/www.affincapital.eu\/wp-content\/uploads\/2024\/01\/istockphoto-459028383-612x612-1.jpg\" \/>\n\t<meta property=\"og:image:width\" content=\"612\" \/>\n\t<meta property=\"og:image:height\" content=\"408\" \/>\n\t<meta property=\"og:image:type\" content=\"image\/jpeg\" \/>\n<meta name=\"twitter:card\" content=\"summary_large_image\" \/>\n<meta name=\"twitter:label1\" content=\"Tiempo de lectura\" \/>\n\t<meta name=\"twitter:data1\" content=\"3 minutos\" \/>\n<script type=\"application\/ld+json\" class=\"yoast-schema-graph\">{\"@context\":\"https:\/\/schema.org\",\"@graph\":[{\"@type\":\"WebPage\",\"@id\":\"https:\/\/www.affincapital.eu\/los-mercados-se-despiden-2023-revalorizandose\/\",\"url\":\"https:\/\/www.affincapital.eu\/los-mercados-se-despiden-2023-revalorizandose\/\",\"name\":\"LOS MERCADOS SE DESPIDEN 2023 REVALORIZ\u00c1NDOSE - AFFIN CAPITAL\",\"isPartOf\":{\"@id\":\"https:\/\/www.affincapital.eu\/es\/#website\"},\"datePublished\":\"2023-12-31T21:34:56+00:00\",\"dateModified\":\"2024-02-26T15:59:52+00:00\",\"description\":\"El 2023, un a\u00f1o que ha acabado con la revalorizaci\u00f3n de los mercados. Entra en Affin Capital e inf\u00f3rmate de todas las novedades de mercado.\",\"breadcrumb\":{\"@id\":\"https:\/\/www.affincapital.eu\/los-mercados-se-despiden-2023-revalorizandose\/#breadcrumb\"},\"inLanguage\":\"es\",\"potentialAction\":[{\"@type\":\"ReadAction\",\"target\":[\"https:\/\/www.affincapital.eu\/los-mercados-se-despiden-2023-revalorizandose\/\"]}]},{\"@type\":\"BreadcrumbList\",\"@id\":\"https:\/\/www.affincapital.eu\/los-mercados-se-despiden-2023-revalorizandose\/#breadcrumb\",\"itemListElement\":[{\"@type\":\"ListItem\",\"position\":1,\"name\":\"Portada\",\"item\":\"https:\/\/www.affincapital.eu\/\"},{\"@type\":\"ListItem\",\"position\":2,\"name\":\"LOS MERCADOS SE DESPIDEN 2023 REVALORIZ\u00c1NDOSE\"}]},{\"@type\":\"WebSite\",\"@id\":\"https:\/\/www.affincapital.eu\/es\/#website\",\"url\":\"https:\/\/www.affincapital.eu\/es\/\",\"name\":\"AFFIN CAPITAL\",\"description\":\"\",\"publisher\":{\"@id\":\"https:\/\/www.affincapital.eu\/es\/#organization\"},\"potentialAction\":[{\"@type\":\"SearchAction\",\"target\":{\"@type\":\"EntryPoint\",\"urlTemplate\":\"https:\/\/www.affincapital.eu\/es\/?s={search_term_string}\"},\"query-input\":\"required name=search_term_string\"}],\"inLanguage\":\"es\"},{\"@type\":\"Organization\",\"@id\":\"https:\/\/www.affincapital.eu\/es\/#organization\",\"name\":\"AFFIN CAPITAL\",\"url\":\"https:\/\/www.affincapital.eu\/es\/\",\"logo\":{\"@type\":\"ImageObject\",\"inLanguage\":\"es\",\"@id\":\"https:\/\/www.affincapital.eu\/es\/#\/schema\/logo\/image\/\",\"url\":\"https:\/\/www.affincapital.eu\/wp-content\/uploads\/2022\/11\/Affin-logo.jpg\",\"contentUrl\":\"https:\/\/www.affincapital.eu\/wp-content\/uploads\/2022\/11\/Affin-logo.jpg\",\"width\":456,\"height\":259,\"caption\":\"AFFIN CAPITAL\"},\"image\":{\"@id\":\"https:\/\/www.affincapital.eu\/es\/#\/schema\/logo\/image\/\"},\"sameAs\":[\"https:\/\/www.instagram.com\/affin_capital\/\",\"https:\/\/www.linkedin.com\/company\/affin-capital\/?originalSubdomain=es\"]}]}<\/script>\n<!-- \/ Yoast SEO plugin. -->","yoast_head_json":{"title":"LOS MERCADOS SE DESPIDEN 2023 REVALORIZ\u00c1NDOSE - AFFIN CAPITAL","description":"El 2023, un a\u00f1o que ha acabado con la revalorizaci\u00f3n de los mercados. Entra en Affin Capital e inf\u00f3rmate de todas las novedades de mercado.","robots":{"index":"index","follow":"follow","max-snippet":"max-snippet:-1","max-image-preview":"max-image-preview:large","max-video-preview":"max-video-preview:-1"},"canonical":"https:\/\/www.affincapital.eu\/es\/los-mercados-se-despiden-2023-revalorizandose\/","og_locale":"es_ES","og_type":"article","og_title":"LOS MERCADOS SE DESPIDEN 2023 REVALORIZ\u00c1NDOSE - AFFIN CAPITAL","og_description":"El 2023, un a\u00f1o que ha acabado con la revalorizaci\u00f3n de los mercados. Entra en Affin Capital e inf\u00f3rmate de todas las novedades de mercado.","og_url":"https:\/\/www.affincapital.eu\/es\/los-mercados-se-despiden-2023-revalorizandose\/","og_site_name":"AFFIN CAPITAL","article_modified_time":"2024-02-26T15:59:52+00:00","og_image":[{"width":612,"height":408,"url":"https:\/\/www.affincapital.eu\/wp-content\/uploads\/2024\/01\/istockphoto-459028383-612x612-1.jpg","type":"image\/jpeg"}],"twitter_card":"summary_large_image","twitter_misc":{"Tiempo de lectura":"3 minutos"},"schema":{"@context":"https:\/\/schema.org","@graph":[{"@type":"WebPage","@id":"https:\/\/www.affincapital.eu\/los-mercados-se-despiden-2023-revalorizandose\/","url":"https:\/\/www.affincapital.eu\/los-mercados-se-despiden-2023-revalorizandose\/","name":"LOS MERCADOS SE DESPIDEN 2023 REVALORIZ\u00c1NDOSE - AFFIN CAPITAL","isPartOf":{"@id":"https:\/\/www.affincapital.eu\/es\/#website"},"datePublished":"2023-12-31T21:34:56+00:00","dateModified":"2024-02-26T15:59:52+00:00","description":"El 2023, un a\u00f1o que ha acabado con la revalorizaci\u00f3n de los mercados. Entra en Affin Capital e inf\u00f3rmate de todas las novedades de mercado.","breadcrumb":{"@id":"https:\/\/www.affincapital.eu\/los-mercados-se-despiden-2023-revalorizandose\/#breadcrumb"},"inLanguage":"es","potentialAction":[{"@type":"ReadAction","target":["https:\/\/www.affincapital.eu\/los-mercados-se-despiden-2023-revalorizandose\/"]}]},{"@type":"BreadcrumbList","@id":"https:\/\/www.affincapital.eu\/los-mercados-se-despiden-2023-revalorizandose\/#breadcrumb","itemListElement":[{"@type":"ListItem","position":1,"name":"Portada","item":"https:\/\/www.affincapital.eu\/"},{"@type":"ListItem","position":2,"name":"LOS MERCADOS SE DESPIDEN 2023 REVALORIZ\u00c1NDOSE"}]},{"@type":"WebSite","@id":"https:\/\/www.affincapital.eu\/es\/#website","url":"https:\/\/www.affincapital.eu\/es\/","name":"AFFIN CAPITAL","description":"","publisher":{"@id":"https:\/\/www.affincapital.eu\/es\/#organization"},"potentialAction":[{"@type":"SearchAction","target":{"@type":"EntryPoint","urlTemplate":"https:\/\/www.affincapital.eu\/es\/?s={search_term_string}"},"query-input":"required name=search_term_string"}],"inLanguage":"es"},{"@type":"Organization","@id":"https:\/\/www.affincapital.eu\/es\/#organization","name":"AFFIN CAPITAL","url":"https:\/\/www.affincapital.eu\/es\/","logo":{"@type":"ImageObject","inLanguage":"es","@id":"https:\/\/www.affincapital.eu\/es\/#\/schema\/logo\/image\/","url":"https:\/\/www.affincapital.eu\/wp-content\/uploads\/2022\/11\/Affin-logo.jpg","contentUrl":"https:\/\/www.affincapital.eu\/wp-content\/uploads\/2022\/11\/Affin-logo.jpg","width":456,"height":259,"caption":"AFFIN CAPITAL"},"image":{"@id":"https:\/\/www.affincapital.eu\/es\/#\/schema\/logo\/image\/"},"sameAs":["https:\/\/www.instagram.com\/affin_capital\/","https:\/\/www.linkedin.com\/company\/affin-capital\/?originalSubdomain=es"]}]}},"_links":{"self":[{"href":"https:\/\/www.affincapital.eu\/es\/wp-json\/wp\/v2\/pages\/1126","targetHints":{"allow":["GET"]}}],"collection":[{"href":"https:\/\/www.affincapital.eu\/es\/wp-json\/wp\/v2\/pages"}],"about":[{"href":"https:\/\/www.affincapital.eu\/es\/wp-json\/wp\/v2\/types\/page"}],"author":[{"embeddable":true,"href":"https:\/\/www.affincapital.eu\/es\/wp-json\/wp\/v2\/users\/1"}],"replies":[{"embeddable":true,"href":"https:\/\/www.affincapital.eu\/es\/wp-json\/wp\/v2\/comments?post=1126"}],"version-history":[{"count":1,"href":"https:\/\/www.affincapital.eu\/es\/wp-json\/wp\/v2\/pages\/1126\/revisions"}],"predecessor-version":[{"id":1128,"href":"https:\/\/www.affincapital.eu\/es\/wp-json\/wp\/v2\/pages\/1126\/revisions\/1128"}],"wp:featuredmedia":[{"embeddable":true,"href":"https:\/\/www.affincapital.eu\/es\/wp-json\/wp\/v2\/media\/1127"}],"wp:attachment":[{"href":"https:\/\/www.affincapital.eu\/es\/wp-json\/wp\/v2\/media?parent=1126"}],"curies":[{"name":"wp","href":"https:\/\/api.w.org\/{rel}","templated":true}]}}