{"id":646,"date":"2022-07-20T10:31:19","date_gmt":"2022-07-20T10:31:19","guid":{"rendered":"https:\/\/www.affincapital.eu\/?page_id=646"},"modified":"2024-11-05T20:05:09","modified_gmt":"2024-11-05T20:05:09","slug":"aviso-legal","status":"publish","type":"page","link":"https:\/\/www.affincapital.eu\/es\/aviso-legal\/","title":{"rendered":"Aviso Legal"},"content":{"rendered":"\t\t<div data-elementor-type=\"wp-page\" data-elementor-id=\"646\" class=\"elementor elementor-646\">\r\n\t\t\t\t\t\t\t\t\t<section class=\"elementor-section elementor-top-section elementor-element elementor-element-f894ac2 elementor-section-height-min-height elementor-section-boxed elementor-section-height-default elementor-section-items-middle\" data-id=\"f894ac2\" data-element_type=\"section\" data-settings=\"{&quot;background_background&quot;:&quot;classic&quot;,&quot;shape_divider_bottom&quot;:&quot;tilt&quot;}\">\r\n\t\t\t\t\t\t\t<div class=\"elementor-background-overlay\"><\/div>\r\n\t\t\t\t\t\t<div class=\"elementor-shape elementor-shape-bottom\" data-negative=\"false\">\r\n\t\t\t<svg xmlns=\"http:\/\/www.w3.org\/2000\/svg\" viewBox=\"0 0 1000 100\" preserveAspectRatio=\"none\">\r\n\t<path class=\"elementor-shape-fill\" d=\"M0,6V0h1000v100L0,6z\"\/>\r\n<\/svg>\t\t<\/div>\r\n\t\t\t\t\t<div class=\"elementor-container elementor-column-gap-default\">\r\n\t\t\t\t\t<div class=\"elementor-column elementor-col-100 elementor-top-column elementor-element elementor-element-105fa70\" data-id=\"105fa70\" data-element_type=\"column\">\r\n\t\t\t<div class=\"elementor-widget-wrap elementor-element-populated\">\r\n\t\t\t\t\t\t\t\t<section class=\"elementor-section elementor-inner-section elementor-element elementor-element-2fbd678 elementor-section-boxed elementor-section-height-default elementor-section-height-default\" data-id=\"2fbd678\" data-element_type=\"section\" data-settings=\"{&quot;background_background&quot;:&quot;classic&quot;}\">\r\n\t\t\t\t\t\t\t<div class=\"elementor-background-overlay\"><\/div>\r\n\t\t\t\t\t\t\t<div class=\"elementor-container elementor-column-gap-default\">\r\n\t\t\t\t\t<div class=\"elementor-column elementor-col-100 elementor-inner-column elementor-element elementor-element-b537b51\" data-id=\"b537b51\" data-element_type=\"column\">\r\n\t\t\t<div class=\"elementor-widget-wrap elementor-element-populated\">\r\n\t\t\t\t\t\t\t\t<div class=\"elementor-element elementor-element-0f2fa72 elementor-widget elementor-widget-heading\" data-id=\"0f2fa72\" data-element_type=\"widget\" data-widget_type=\"heading.default\">\r\n\t\t\t\t<div class=\"elementor-widget-container\">\r\n\t\t\t<h1 class=\"elementor-heading-title elementor-size-default\">Aviso Legal\n <\/h1>\t\t<\/div>\r\n\t\t\t\t<\/div>\r\n\t\t\t\t\t<\/div>\r\n\t\t<\/div>\r\n\t\t\t\t\t\t\t<\/div>\r\n\t\t<\/section>\r\n\t\t\t\t\t<\/div>\r\n\t\t<\/div>\r\n\t\t\t\t\t\t\t<\/div>\r\n\t\t<\/section>\r\n\t\t\t\t<section class=\"elementor-section elementor-top-section elementor-element elementor-element-502310e elementor-section-boxed elementor-section-height-default elementor-section-height-default\" data-id=\"502310e\" data-element_type=\"section\">\r\n\t\t\t\t\t\t<div class=\"elementor-container elementor-column-gap-default\">\r\n\t\t\t\t\t<div class=\"elementor-column elementor-col-100 elementor-top-column elementor-element elementor-element-294530a\" data-id=\"294530a\" data-element_type=\"column\">\r\n\t\t\t<div class=\"elementor-widget-wrap elementor-element-populated\">\r\n\t\t\t\t\t\t\t\t<div class=\"elementor-element elementor-element-22b8760 elementor-widget elementor-widget-heading\" data-id=\"22b8760\" data-element_type=\"widget\" data-widget_type=\"heading.default\">\r\n\t\t\t\t<div class=\"elementor-widget-container\">\r\n\t\t\t<h2 class=\"elementor-heading-title elementor-size-default\">Aviso Legal<\/h2>\t\t<\/div>\r\n\t\t\t\t<\/div>\r\n\t\t\t\t<div class=\"elementor-element elementor-element-d7c48e9 elementor-widget elementor-widget-image\" data-id=\"d7c48e9\" data-element_type=\"widget\" data-widget_type=\"image.default\">\r\n\t\t\t\t<div class=\"elementor-widget-container\">\r\n\t\t\t\t\t\t\t\t\t\t\t\t\t\t\t<img loading=\"lazy\" decoding=\"async\" width=\"274\" height=\"16\" src=\"https:\/\/www.affincapital.eu\/wp-content\/uploads\/2022\/06\/linea.png\" class=\"attachment-full size-full\" alt=\"\" \/>\t\t\t\t\t\t\t\t\t\t\t\t\t\t\t<\/div>\r\n\t\t\t\t<\/div>\r\n\t\t\t\t\t<\/div>\r\n\t\t<\/div>\r\n\t\t\t\t\t\t\t<\/div>\r\n\t\t<\/section>\r\n\t\t\t\t<section class=\"elementor-section elementor-top-section elementor-element elementor-element-85d782d elementor-section-boxed elementor-section-height-default elementor-section-height-default\" data-id=\"85d782d\" data-element_type=\"section\">\r\n\t\t\t\t\t\t<div class=\"elementor-container elementor-column-gap-default\">\r\n\t\t\t\t\t<div class=\"elementor-column elementor-col-100 elementor-top-column elementor-element elementor-element-cf40eba\" data-id=\"cf40eba\" data-element_type=\"column\">\r\n\t\t\t<div class=\"elementor-widget-wrap elementor-element-populated\">\r\n\t\t\t\t\t\t\t\t<div class=\"elementor-element elementor-element-b69084d elementor-widget elementor-widget-text-editor\" data-id=\"b69084d\" data-element_type=\"widget\" data-widget_type=\"text-editor.default\">\r\n\t\t\t\t<div class=\"elementor-widget-container\">\r\n\t\t\t\t\t\t\t<p><strong>LEY ESPA\u00d1OLA DE SERVICIOS DE LA SOCIEDAD DE LA INFORMACI\u00d3N (LSSI)<\/strong><\/p><p>AFFIN CAPITAL PATRIMONIAL S.L, como responsable del sitio web (en adelante, el \u201cCONTROLADOR del sitio web\u201d), pone a disposici\u00f3n de los usuarios este documento para cumplir con las obligaciones de la Ley 34\/2002, de 11 de julio, de Servicios de la Sociedad de la Informaci\u00f3n y de Comercio Electr\u00f3nico (LSSICE), BOE N\u00ba 166, e informar a todos los usuarios sobre las condiciones de uso del sitio web.<\/p><p>Cualquier persona que acceda a este sitio web asume el rol de usuario, comprometi\u00e9ndose a la observancia y cumplimiento riguroso de las disposiciones aqu\u00ed dispuestas, as\u00ed como a cualquier otra disposici\u00f3n legal aplicable.<\/p><p>AFFIN CAPITAL PATRIMONIAL S.L se reserva el derecho a modificar cualquier tipo de informaci\u00f3n que pueda aparecer en el sitio web, sin obligaci\u00f3n de avisar previamente o informar a los usuarios de dichas modificaciones, consider\u00e1ndose suficiente la publicaci\u00f3n en el sitio web.<\/p><p><strong>1. DATOS DE IDENTIFICACI\u00d3N<\/strong><\/p><p>Nombre del dominio: affincapital.eu<br \/>Denominaci\u00f3n social: AFFIN CAPITAL PATRIMONIAL S.L.<br \/>NIF: B67435073<br \/>Domicilio social: Av. Diagonal, 507, 4\u00aa planta, 08029 &#8211; Barcelona (Barcelona)<br \/>Tel\u00e9fono: 620223259<br \/>Correo electr\u00f3nico: info@affincapital.eu<br \/>Inscrita en el Registro Mercantil de Barcelona, Tomo 47019, Folio 12, Hoja B-538362.<\/p><p><strong>2. DERECHOS DE PROPIEDAD INTELECTUAL E INDUSTRIAL<\/strong><\/p><p>El sitio web, incluyendo a t\u00edtulo enunciativo pero no limitativo, su programaci\u00f3n, edici\u00f3n, compilaci\u00f3n y dem\u00e1s elementos necesarios para su funcionamiento, los dise\u00f1os, logotipos, texto y\/o gr\u00e1ficos, son propiedad del CONTROLADOR o, en su caso, dispone de licencia o autorizaci\u00f3n expresa por parte de los autores. Todos los contenidos del sitio web se encuentran debidamente protegidos por la normativa de propiedad intelectual e industrial, as\u00ed como inscritos en los registros p\u00fablicos correspondientes.<\/p><p>Independientemente de la finalidad para la que fueron destinados, la reproducci\u00f3n total o parcial, uso, explotaci\u00f3n, distribuci\u00f3n y comercializaci\u00f3n requiere en todo caso de la autorizaci\u00f3n escrita previa por parte del CONTROLADOR. Cualquier uso no autorizado previamente se considera un incumplimiento grave de los derechos de propiedad intelectual o industrial del autor.<\/p><p>Los dise\u00f1os, logotipos, texto y\/o gr\u00e1ficos ajenos al CONTROLADOR y que pudieran aparecer en el sitio web, pertenecen a sus respectivos propietarios, siendo ellos mismos responsables de cualquier posible controversia que pudiera suscitarse respecto a los mismos. El CONTROLADOR autoriza expresamente a que terceros puedan redirigir directamente a los contenidos concretos del sitio web, y en todo caso redirigir al sitio principal de http:affincapital.eu.<\/p><p>El CONTROLADOR reconoce a favor de sus titulares los correspondientes derechos de propiedad intelectual e industrial, no implicando su sola menci\u00f3n o aparici\u00f3n en el sitio web la existencia de derechos o responsabilidad alguna sobre los mismos, como tampoco respaldo, patrocinio o recomendaci\u00f3n por parte del mismo.<\/p><p>Si deseas realizar cualquier tipo de observaci\u00f3n respecto a posibles incumplimientos de los derechos de propiedad intelectual o industrial, as\u00ed como sobre cualquiera de los contenidos del sitio web, puedes hacerlo a trav\u00e9s del correo electr\u00f3nico info@affincapital.eu.<\/p><p><strong>3. EXENCI\u00d3N DE RESPONSABILIDAD<\/strong><\/p><p>El CONTROLADOR se exime de cualquier tipo de responsabilidad derivada de la informaci\u00f3n publicada en su sitio web, siempre que esta informaci\u00f3n haya sido manipulada o introducida por un tercero ajeno al mismo.<\/p><p><strong>Uso de Cookies<\/strong><\/p><p>Este sitio web puede utilizar cookies t\u00e9cnicas (peque\u00f1os archivos de informaci\u00f3n que el servidor env\u00eda al ordenador de quien accede a la p\u00e1gina) para llevar a cabo ciertas funciones que se consideran imprescindibles para el correcto funcionamiento y visualizaci\u00f3n del sitio. Las cookies utilizadas tienen, en todo caso, car\u00e1cter temporal con la \u00fanica finalidad de hacer m\u00e1s eficaz la navegaci\u00f3n, y desaparecen al terminar la sesi\u00f3n del usuario. En ning\u00fan caso proporcionan por s\u00ed mismas datos personales y no se utilizan para la recogida de los mismos.<\/p><p>Mediante el uso de cookies, el servidor del sitio web puede reconocer el navegador utilizado por el usuario, facilitando la navegaci\u00f3n, por ejemplo, permitiendo el acceso a los usuarios que se hayan registrado previamente a las \u00e1reas, servicios, promociones o concursos reservados exclusivamente para ellos sin tener que registrarse en cada visita. Tambi\u00e9n pueden usarse para medir la audiencia, par\u00e1metros de tr\u00e1fico, controlar el progreso y n\u00famero de entradas, etc. En estos casos, las cookies no son t\u00e9cnicamente indispensables, pero s\u00ed beneficiosas para el usuario. Este sitio web no instalar\u00e1 cookies prescindibles sin el consentimiento previo del usuario.<\/p><p>El usuario tiene la posibilidad de configurar su navegador para ser avisado de la recepci\u00f3n de cookies y para impedir su instalaci\u00f3n en su equipo. Consulta las instrucciones de tu navegador para ampliar esta informaci\u00f3n.<\/p><p><strong>Pol\u00edtica de enlaces<\/strong><\/p><p>Es posible que se redirija desde el sitio web a contenidos de sitios web de terceros. Dado que el CONTROLADOR no puede controlar siempre los contenidos introducidos por los terceros en sus respectivos sitios web, no asume ning\u00fan tipo de responsabilidad respecto a dichos contenidos. En todo caso, proceder\u00e1 a la retirada inmediata de cualquier contenido que pudiera contravenir la legislaci\u00f3n nacional o internacional, la moral o el orden p\u00fablico, procediendo a la retirada inmediata de la redirecci\u00f3n a dicho sitio web, y poniendo en conocimiento de las autoridades competentes el contenido en cuesti\u00f3n.<\/p><p>El CONTROLADOR no se hace responsable de la informaci\u00f3n y contenidos almacenados, a t\u00edtulo enunciativo pero no limitativo, en foros, chats, generadores de blogs, comentarios, redes sociales o cualquier otro medio que permita a terceros publicar contenidos de forma independiente en la p\u00e1gina web del CONTROLADOR. No obstante, y en cumplimiento de lo dispuesto en los art\u00edculos 11 y 16 de la LSSICE, se pone a disposici\u00f3n de todos los usuarios, autoridades y fuerzas de seguridad, colaborando de forma activa en la retirada o, en su caso, bloqueo de todos aquellos contenidos que pudieran afectar o contravenir la legislaci\u00f3n nacional o internacional, derechos de terceros o la moral y el orden p\u00fablico. En caso de que el usuario considere que existe en el sitio web alg\u00fan contenido que pudiera ser susceptible de esta clasificaci\u00f3n, se ruega lo notifique de forma inmediata al administrador del sitio web.<\/p><p>Este sitio web ha sido revisado y probado para que funcione correctamente. En principio, puede garantizarse el correcto funcionamiento los 365 d\u00edas del a\u00f1o, 24 horas al d\u00eda. No obstante, el CONTROLADOR no descarta la posibilidad de que existan ciertos errores de programaci\u00f3n, o que acontezcan causas de fuerza mayor, cat\u00e1strofes naturales, huelgas o circunstancias semejantes que hagan imposible el acceso a la p\u00e1gina web.<\/p><p><strong>Direcciones IP<\/strong><\/p><p>Los servidores del sitio web podr\u00e1n detectar de manera autom\u00e1tica la direcci\u00f3n IP y el nombre de dominio utilizados por el usuario. Una direcci\u00f3n IP es un n\u00famero asignado autom\u00e1ticamente a un ordenador cuando \u00e9ste se conecta a Internet. Toda esta informaci\u00f3n queda registrada en un fichero de actividad del servidor debidamente inscrito que permite el procesamiento posterior de los datos con el fin de obtener mediciones \u00fanicamente estad\u00edsticas que permitan conocer el n\u00famero de impresiones de p\u00e1ginas, el n\u00famero de visitas realizadas a los servidores web, el orden de visitas, el punto de acceso, etc.<\/p><p><strong>4. LEY APLICABLE Y JURISDICCI\u00d3N<\/strong><\/p><p>Para la resoluci\u00f3n de todas las controversias o cuestiones relacionadas con este sitio web o de las actividades en \u00e9l desarrolladas, ser\u00e1 de aplicaci\u00f3n la legislaci\u00f3n espa\u00f1ola, a la que se someten expresamente las partes, siendo competentes para la resoluci\u00f3n de todos los conflictos derivados o relacionados con su uso los Juzgados y Tribunales m\u00e1s cercanos a Barcelona.<\/p>\t\t\t\t\t\t<\/div>\r\n\t\t\t\t<\/div>\r\n\t\t\t\t\t<\/div>\r\n\t\t<\/div>\r\n\t\t\t\t\t\t\t<\/div>\r\n\t\t<\/section>\r\n\t\t\t\t\t\t\t<\/div>\r\n\t\t","protected":false},"excerpt":{"rendered":"<p>Aviso Legal Aviso Legal LEY ESPA\u00d1OLA DE SERVICIOS DE LA SOCIEDAD DE LA INFORMACI\u00d3N (LSSI) AFFIN CAPITAL PATRIMONIAL S.L, como responsable del sitio web (en adelante, el \u201cCONTROLADOR del sitio web\u201d), pone a disposici\u00f3n de los usuarios este documento para cumplir con las obligaciones de la Ley 34\/2002, de 11 de julio, de Servicios de [&hellip;]<\/p>\n","protected":false},"author":1,"featured_media":0,"parent":0,"menu_order":0,"comment_status":"closed","ping_status":"closed","template":"elementor_header_footer","meta":{"footnotes":""},"class_list":["post-646","page","type-page","status-publish","hentry"],"yoast_head":"<!-- This site is optimized with the Yoast SEO plugin v21.0 - https:\/\/yoast.com\/wordpress\/plugins\/seo\/ -->\n<title>Aviso Legal - AFFIN CAPITAL<\/title>\n<meta name=\"robots\" content=\"noindex, follow\" \/>\n<meta property=\"og:locale\" content=\"es_ES\" \/>\n<meta property=\"og:type\" content=\"article\" \/>\n<meta property=\"og:title\" content=\"Aviso Legal - AFFIN CAPITAL\" \/>\n<meta property=\"og:description\" content=\"Aviso Legal Aviso Legal LEY ESPA\u00d1OLA DE SERVICIOS DE LA SOCIEDAD DE LA INFORMACI\u00d3N (LSSI) AFFIN CAPITAL PATRIMONIAL S.L, como responsable del sitio web (en adelante, el \u201cCONTROLADOR del sitio web\u201d), pone a disposici\u00f3n de los usuarios este documento para cumplir con las obligaciones de la Ley 34\/2002, de 11 de julio, de Servicios de [&hellip;]\" \/>\n<meta property=\"og:url\" content=\"https:\/\/www.affincapital.eu\/es\/aviso-legal\/\" \/>\n<meta property=\"og:site_name\" content=\"AFFIN CAPITAL\" \/>\n<meta property=\"article:modified_time\" content=\"2024-11-05T20:05:09+00:00\" \/>\n<meta property=\"og:image\" content=\"https:\/\/www.affincapital.eu\/wp-content\/uploads\/2022\/06\/linea.png\" \/>\n<meta name=\"twitter:card\" content=\"summary_large_image\" \/>\n<meta name=\"twitter:label1\" content=\"Tiempo de lectura\" \/>\n\t<meta name=\"twitter:data1\" content=\"6 minutos\" \/>\n<script type=\"application\/ld+json\" class=\"yoast-schema-graph\">{\"@context\":\"https:\/\/schema.org\",\"@graph\":[{\"@type\":\"WebPage\",\"@id\":\"https:\/\/www.affincapital.eu\/aviso-legal\/\",\"url\":\"https:\/\/www.affincapital.eu\/aviso-legal\/\",\"name\":\"Aviso Legal - AFFIN CAPITAL\",\"isPartOf\":{\"@id\":\"https:\/\/www.affincapital.eu\/es\/#website\"},\"datePublished\":\"2022-07-20T10:31:19+00:00\",\"dateModified\":\"2024-11-05T20:05:09+00:00\",\"breadcrumb\":{\"@id\":\"https:\/\/www.affincapital.eu\/aviso-legal\/#breadcrumb\"},\"inLanguage\":\"es\",\"potentialAction\":[{\"@type\":\"ReadAction\",\"target\":[\"https:\/\/www.affincapital.eu\/aviso-legal\/\"]}]},{\"@type\":\"BreadcrumbList\",\"@id\":\"https:\/\/www.affincapital.eu\/aviso-legal\/#breadcrumb\",\"itemListElement\":[{\"@type\":\"ListItem\",\"position\":1,\"name\":\"Portada\",\"item\":\"https:\/\/www.affincapital.eu\/\"},{\"@type\":\"ListItem\",\"position\":2,\"name\":\"Aviso Legal\"}]},{\"@type\":\"WebSite\",\"@id\":\"https:\/\/www.affincapital.eu\/es\/#website\",\"url\":\"https:\/\/www.affincapital.eu\/es\/\",\"name\":\"AFFIN CAPITAL\",\"description\":\"\",\"publisher\":{\"@id\":\"https:\/\/www.affincapital.eu\/es\/#organization\"},\"potentialAction\":[{\"@type\":\"SearchAction\",\"target\":{\"@type\":\"EntryPoint\",\"urlTemplate\":\"https:\/\/www.affincapital.eu\/es\/?s={search_term_string}\"},\"query-input\":\"required name=search_term_string\"}],\"inLanguage\":\"es\"},{\"@type\":\"Organization\",\"@id\":\"https:\/\/www.affincapital.eu\/es\/#organization\",\"name\":\"AFFIN CAPITAL\",\"url\":\"https:\/\/www.affincapital.eu\/es\/\",\"logo\":{\"@type\":\"ImageObject\",\"inLanguage\":\"es\",\"@id\":\"https:\/\/www.affincapital.eu\/es\/#\/schema\/logo\/image\/\",\"url\":\"https:\/\/www.affincapital.eu\/wp-content\/uploads\/2022\/11\/Affin-logo.jpg\",\"contentUrl\":\"https:\/\/www.affincapital.eu\/wp-content\/uploads\/2022\/11\/Affin-logo.jpg\",\"width\":456,\"height\":259,\"caption\":\"AFFIN CAPITAL\"},\"image\":{\"@id\":\"https:\/\/www.affincapital.eu\/es\/#\/schema\/logo\/image\/\"},\"sameAs\":[\"https:\/\/www.instagram.com\/affin_capital\/\",\"https:\/\/www.linkedin.com\/company\/affin-capital\/?originalSubdomain=es\"]}]}<\/script>\n<!-- \/ Yoast SEO plugin. -->","yoast_head_json":{"title":"Aviso Legal - AFFIN CAPITAL","robots":{"index":"noindex","follow":"follow"},"og_locale":"es_ES","og_type":"article","og_title":"Aviso Legal - AFFIN CAPITAL","og_description":"Aviso Legal Aviso Legal LEY ESPA\u00d1OLA DE SERVICIOS DE LA SOCIEDAD DE LA INFORMACI\u00d3N (LSSI) AFFIN CAPITAL PATRIMONIAL S.L, como responsable del sitio web (en adelante, el \u201cCONTROLADOR del sitio web\u201d), pone a disposici\u00f3n de los usuarios este documento para cumplir con las obligaciones de la Ley 34\/2002, de 11 de julio, de Servicios de [&hellip;]","og_url":"https:\/\/www.affincapital.eu\/es\/aviso-legal\/","og_site_name":"AFFIN CAPITAL","article_modified_time":"2024-11-05T20:05:09+00:00","og_image":[{"url":"https:\/\/www.affincapital.eu\/wp-content\/uploads\/2022\/06\/linea.png"}],"twitter_card":"summary_large_image","twitter_misc":{"Tiempo de lectura":"6 minutos"},"schema":{"@context":"https:\/\/schema.org","@graph":[{"@type":"WebPage","@id":"https:\/\/www.affincapital.eu\/aviso-legal\/","url":"https:\/\/www.affincapital.eu\/aviso-legal\/","name":"Aviso Legal - AFFIN CAPITAL","isPartOf":{"@id":"https:\/\/www.affincapital.eu\/es\/#website"},"datePublished":"2022-07-20T10:31:19+00:00","dateModified":"2024-11-05T20:05:09+00:00","breadcrumb":{"@id":"https:\/\/www.affincapital.eu\/aviso-legal\/#breadcrumb"},"inLanguage":"es","potentialAction":[{"@type":"ReadAction","target":["https:\/\/www.affincapital.eu\/aviso-legal\/"]}]},{"@type":"BreadcrumbList","@id":"https:\/\/www.affincapital.eu\/aviso-legal\/#breadcrumb","itemListElement":[{"@type":"ListItem","position":1,"name":"Portada","item":"https:\/\/www.affincapital.eu\/"},{"@type":"ListItem","position":2,"name":"Aviso Legal"}]},{"@type":"WebSite","@id":"https:\/\/www.affincapital.eu\/es\/#website","url":"https:\/\/www.affincapital.eu\/es\/","name":"AFFIN CAPITAL","description":"","publisher":{"@id":"https:\/\/www.affincapital.eu\/es\/#organization"},"potentialAction":[{"@type":"SearchAction","target":{"@type":"EntryPoint","urlTemplate":"https:\/\/www.affincapital.eu\/es\/?s={search_term_string}"},"query-input":"required name=search_term_string"}],"inLanguage":"es"},{"@type":"Organization","@id":"https:\/\/www.affincapital.eu\/es\/#organization","name":"AFFIN CAPITAL","url":"https:\/\/www.affincapital.eu\/es\/","logo":{"@type":"ImageObject","inLanguage":"es","@id":"https:\/\/www.affincapital.eu\/es\/#\/schema\/logo\/image\/","url":"https:\/\/www.affincapital.eu\/wp-content\/uploads\/2022\/11\/Affin-logo.jpg","contentUrl":"https:\/\/www.affincapital.eu\/wp-content\/uploads\/2022\/11\/Affin-logo.jpg","width":456,"height":259,"caption":"AFFIN CAPITAL"},"image":{"@id":"https:\/\/www.affincapital.eu\/es\/#\/schema\/logo\/image\/"},"sameAs":["https:\/\/www.instagram.com\/affin_capital\/","https:\/\/www.linkedin.com\/company\/affin-capital\/?originalSubdomain=es"]}]}},"_links":{"self":[{"href":"https:\/\/www.affincapital.eu\/es\/wp-json\/wp\/v2\/pages\/646","targetHints":{"allow":["GET"]}}],"collection":[{"href":"https:\/\/www.affincapital.eu\/es\/wp-json\/wp\/v2\/pages"}],"about":[{"href":"https:\/\/www.affincapital.eu\/es\/wp-json\/wp\/v2\/types\/page"}],"author":[{"embeddable":true,"href":"https:\/\/www.affincapital.eu\/es\/wp-json\/wp\/v2\/users\/1"}],"replies":[{"embeddable":true,"href":"https:\/\/www.affincapital.eu\/es\/wp-json\/wp\/v2\/comments?post=646"}],"version-history":[{"count":40,"href":"https:\/\/www.affincapital.eu\/es\/wp-json\/wp\/v2\/pages\/646\/revisions"}],"predecessor-version":[{"id":1536,"href":"https:\/\/www.affincapital.eu\/es\/wp-json\/wp\/v2\/pages\/646\/revisions\/1536"}],"wp:attachment":[{"href":"https:\/\/www.affincapital.eu\/es\/wp-json\/wp\/v2\/media?parent=646"}],"curies":[{"name":"wp","href":"https:\/\/api.w.org\/{rel}","templated":true}]}}